{"id":17137,"date":"2024-02-01T20:37:49","date_gmt":"2024-02-01T19:37:49","guid":{"rendered":"https:\/\/www.valerieetiennemanagement.fr\/WAKIpublishing\/?page_id=17137"},"modified":"2024-02-01T21:19:51","modified_gmt":"2024-02-01T20:19:51","slug":"boutique-oldelaf-partitions-et-sons","status":"publish","type":"page","link":"https:\/\/www.valerieetiennemanagement.fr\/WAKIpublishing\/boutique\/boutique-oldelaf-partitions-et-sons\/","title":{"rendered":"Boutique Oldelaf Partitions et sons"},"content":{"rendered":"<div class=\"wpb-content-wrapper\"><p>[vc_row css_animation=\u00a0\u00bb\u00a0\u00bb row_type=\u00a0\u00bbrow\u00a0\u00bb use_row_as_full_screen_section=\u00a0\u00bbno\u00a0\u00bb type=\u00a0\u00bbfull_width\u00a0\u00bb angled_section=\u00a0\u00bbno\u00a0\u00bb text_align=\u00a0\u00bbleft\u00a0\u00bb background_image_as_pattern=\u00a0\u00bbwithout_pattern\u00a0\u00bb][vc_column width=\u00a0\u00bb2\/3&Prime;]<div class=\"woocommerce columns-3 \"><ul class=\"products\">\n<li class=\"product type-product post-17120 status-publish first instock product_cat-oldelaf-partitions-sons has-post-thumbnail downloadable virtual taxable purchasable product-type-simple\">\n\t\n\t\t\n    <div class=\"top-product-section\">\n\n        <a itemprop=\"url\" href=\"https:\/\/www.valerieetiennemanagement.fr\/WAKIpublishing\/produit\/partition-cathy-freeman\/\" class=\"product-category\">\n            <span class=\"image-wrapper\">\n            <img fetchpriority=\"high\" decoding=\"async\" width=\"300\" height=\"300\" src=\"https:\/\/www.valerieetiennemanagement.fr\/WAKIpublishing\/wp-content\/uploads\/2024\/02\/F-Cathy-Freeman-24-01-24-P1-1-300x300.jpg\" class=\"attachment-woocommerce_thumbnail size-woocommerce_thumbnail\" alt=\"Partition &quot;Cathy Freeman&quot; format pdf. Un exemplaire. Couverture\" srcset=\"https:\/\/www.valerieetiennemanagement.fr\/WAKIpublishing\/wp-content\/uploads\/2024\/02\/F-Cathy-Freeman-24-01-24-P1-1-300x300.jpg 300w, https:\/\/www.valerieetiennemanagement.fr\/WAKIpublishing\/wp-content\/uploads\/2024\/02\/F-Cathy-Freeman-24-01-24-P1-1-150x150.jpg 150w, https:\/\/www.valerieetiennemanagement.fr\/WAKIpublishing\/wp-content\/uploads\/2024\/02\/F-Cathy-Freeman-24-01-24-P1-1-500x500.jpg 500w, https:\/\/www.valerieetiennemanagement.fr\/WAKIpublishing\/wp-content\/uploads\/2024\/02\/F-Cathy-Freeman-24-01-24-P1-1-100x100.jpg 100w\" sizes=\"(max-width: 300px) 100vw, 300px\" \/>            <\/span>\n        <\/a>\n\n\t\t<span class=\"add-to-cart-button-outer\"><span class=\"add-to-cart-button-inner\"><a href=\"\/WAKIpublishing\/wp-json\/wp\/v2\/pages\/17137?add-to-cart=17120\" aria-describedby=\"woocommerce_loop_add_to_cart_link_describedby_17120\" data-quantity=\"1\" class=\"button product_type_simple add_to_cart_button ajax_add_to_cart qbutton add-to-cart-button\" data-product_id=\"17120\" data-product_sku=\"\" aria-label=\"Ajouter au panier\u00a0: &ldquo;Partition &quot;Cathy Freeman&quot;&rdquo;\" rel=\"nofollow\" data-success_message=\"\u00ab\u00a0Partition &quot;Cathy Freeman&quot;\u00a0\u00bb a \u00e9t\u00e9 ajout\u00e9 \u00e0 votre panier\" role=\"button\">Ajouter au panier<\/a><\/span><\/span>\t<span id=\"woocommerce_loop_add_to_cart_link_describedby_17120\" class=\"screen-reader-text\">\n\t\t\t<\/span>\n\n    <\/div>\n        <a itemprop=\"url\" href=\"https:\/\/www.valerieetiennemanagement.fr\/WAKIpublishing\/produit\/partition-cathy-freeman\/\" class=\"product-category product-info\">\n        <h6 itemprop=\"name\">Partition \u00ab\u00a0Cathy Freeman\u00a0\u00bb<\/h6>\n\t    \n\t    \n        \n\t<span class=\"price\"><span class=\"woocommerce-Price-amount amount\"><bdi>10,00<span class=\"woocommerce-Price-currencySymbol\">&euro;<\/span><\/bdi><\/span><\/span>\n    <\/a>\n    <\/li>\n<li class=\"product type-product post-17134 status-publish instock product_cat-oldelaf-partitions-sons has-post-thumbnail downloadable virtual taxable purchasable product-type-simple\">\n\t\n\t\t\n    <div class=\"top-product-section\">\n\n        <a itemprop=\"url\" href=\"https:\/\/www.valerieetiennemanagement.fr\/WAKIpublishing\/produit\/partition-cathy-freeman-15-exemplaires\/\" class=\"product-category\">\n            <span class=\"image-wrapper\">\n            <img decoding=\"async\" width=\"300\" height=\"300\" src=\"https:\/\/www.valerieetiennemanagement.fr\/WAKIpublishing\/wp-content\/uploads\/2024\/02\/F-Cathy-Freeman-24-01-24-PACK15-300x300.jpg\" class=\"attachment-woocommerce_thumbnail size-woocommerce_thumbnail\" alt=\"Partition &quot;Cathy Freeman&quot; format pdf. Un exemplaire. Pack 15 exemplaires\" srcset=\"https:\/\/www.valerieetiennemanagement.fr\/WAKIpublishing\/wp-content\/uploads\/2024\/02\/F-Cathy-Freeman-24-01-24-PACK15-300x300.jpg 300w, https:\/\/www.valerieetiennemanagement.fr\/WAKIpublishing\/wp-content\/uploads\/2024\/02\/F-Cathy-Freeman-24-01-24-PACK15-150x150.jpg 150w, https:\/\/www.valerieetiennemanagement.fr\/WAKIpublishing\/wp-content\/uploads\/2024\/02\/F-Cathy-Freeman-24-01-24-PACK15-500x500.jpg 500w, https:\/\/www.valerieetiennemanagement.fr\/WAKIpublishing\/wp-content\/uploads\/2024\/02\/F-Cathy-Freeman-24-01-24-PACK15-100x100.jpg 100w\" sizes=\"(max-width: 300px) 100vw, 300px\" \/>            <\/span>\n        <\/a>\n\n\t\t<span class=\"add-to-cart-button-outer\"><span class=\"add-to-cart-button-inner\"><a href=\"\/WAKIpublishing\/wp-json\/wp\/v2\/pages\/17137?add-to-cart=17134\" aria-describedby=\"woocommerce_loop_add_to_cart_link_describedby_17134\" data-quantity=\"1\" class=\"button product_type_simple add_to_cart_button ajax_add_to_cart qbutton add-to-cart-button\" data-product_id=\"17134\" data-product_sku=\"\" aria-label=\"Ajouter au panier\u00a0: &ldquo;Partition &quot;Cathy Freeman&quot; PACK 15 exemplaires&rdquo;\" rel=\"nofollow\" data-success_message=\"\u00ab\u00a0Partition &quot;Cathy Freeman&quot; PACK 15 exemplaires\u00a0\u00bb a \u00e9t\u00e9 ajout\u00e9 \u00e0 votre panier\" role=\"button\">Ajouter au panier<\/a><\/span><\/span>\t<span id=\"woocommerce_loop_add_to_cart_link_describedby_17134\" class=\"screen-reader-text\">\n\t\t\t<\/span>\n\n    <\/div>\n        <a itemprop=\"url\" href=\"https:\/\/www.valerieetiennemanagement.fr\/WAKIpublishing\/produit\/partition-cathy-freeman-15-exemplaires\/\" class=\"product-category product-info\">\n        <h6 itemprop=\"name\">Partition \u00ab\u00a0Cathy Freeman\u00a0\u00bb PACK 15 exemplaires<\/h6>\n\t    \n\t    \n        \n\t<span class=\"price\"><span class=\"woocommerce-Price-amount amount\"><bdi>50,00<span class=\"woocommerce-Price-currencySymbol\">&euro;<\/span><\/bdi><\/span><\/span>\n    <\/a>\n    <\/li>\n<li class=\"product type-product post-17160 status-publish last instock product_cat-oldelaf-partitions-sons has-post-thumbnail downloadable virtual taxable purchasable product-type-simple\">\n\t\n\t\t\n    <div class=\"top-product-section\">\n\n        <a itemprop=\"url\" href=\"https:\/\/www.valerieetiennemanagement.fr\/WAKIpublishing\/produit\/bande-son-cathy-freeman\/\" class=\"product-category\">\n            <span class=\"image-wrapper\">\n            <img decoding=\"async\" width=\"300\" height=\"300\" src=\"https:\/\/www.valerieetiennemanagement.fr\/WAKIpublishing\/wp-content\/uploads\/2024\/02\/Visuel_Oldelaf_Cathy_Freeman-300x300.jpg\" class=\"attachment-woocommerce_thumbnail size-woocommerce_thumbnail\" alt=\"Bande Son Cathy Freeman - Format mp3 - Extrait de l&#039;album &quot;L&#039;aventure continue&quot;\" srcset=\"https:\/\/www.valerieetiennemanagement.fr\/WAKIpublishing\/wp-content\/uploads\/2024\/02\/Visuel_Oldelaf_Cathy_Freeman-300x300.jpg 300w, https:\/\/www.valerieetiennemanagement.fr\/WAKIpublishing\/wp-content\/uploads\/2024\/02\/Visuel_Oldelaf_Cathy_Freeman-150x150.jpg 150w, https:\/\/www.valerieetiennemanagement.fr\/WAKIpublishing\/wp-content\/uploads\/2024\/02\/Visuel_Oldelaf_Cathy_Freeman.jpg 500w, https:\/\/www.valerieetiennemanagement.fr\/WAKIpublishing\/wp-content\/uploads\/2024\/02\/Visuel_Oldelaf_Cathy_Freeman-100x100.jpg 100w\" sizes=\"(max-width: 300px) 100vw, 300px\" \/>            <\/span>\n        <\/a>\n\n\t\t<span class=\"add-to-cart-button-outer\"><span class=\"add-to-cart-button-inner\"><a href=\"\/WAKIpublishing\/wp-json\/wp\/v2\/pages\/17137?add-to-cart=17160\" aria-describedby=\"woocommerce_loop_add_to_cart_link_describedby_17160\" data-quantity=\"1\" class=\"button product_type_simple add_to_cart_button ajax_add_to_cart qbutton add-to-cart-button\" data-product_id=\"17160\" data-product_sku=\"\" aria-label=\"Ajouter au panier\u00a0: &ldquo;Bande son &quot;Cathy Freeman&quot;&rdquo;\" rel=\"nofollow\" data-success_message=\"\u00ab\u00a0Bande son &quot;Cathy Freeman&quot;\u00a0\u00bb a \u00e9t\u00e9 ajout\u00e9 \u00e0 votre panier\" role=\"button\">Ajouter au panier<\/a><\/span><\/span>\t<span id=\"woocommerce_loop_add_to_cart_link_describedby_17160\" class=\"screen-reader-text\">\n\t\t\t<\/span>\n\n    <\/div>\n        <a itemprop=\"url\" href=\"https:\/\/www.valerieetiennemanagement.fr\/WAKIpublishing\/produit\/bande-son-cathy-freeman\/\" class=\"product-category product-info\">\n        <h6 itemprop=\"name\">Bande son \u00ab\u00a0Cathy Freeman\u00a0\u00bb<\/h6>\n\t    \n\t    \n        \n\t<span class=\"price\"><span class=\"woocommerce-Price-amount amount\"><bdi>10,00<span class=\"woocommerce-Price-currencySymbol\">&euro;<\/span><\/bdi><\/span><\/span>\n    <\/a>\n    <\/li><\/ul>\n<\/div>[\/vc_column][vc_column width=\u00a0\u00bb1\/3&Prime;][vc_column_text]<\/p>\n<h6>OLDELAF<br \/>\nPARTITIONS &amp;<br \/>\nFICHIERS SONORES<\/h6>\n<p>[vc_separator type=&rsquo;normal&rsquo; position=&rsquo;left&rsquo; color=&rsquo;#d8d8d8&prime; thickness=&rsquo;1&prime; up=&rsquo;0&prime; down=&rsquo;4&prime;]<\/p>\n<p>&nbsp;<\/p>\n<div id=\"i8o6l1jl\" class=\"_2bjge\">\n<div class=\"\" data-mesh-id=\"i8o6l1jlinlineContent\" data-testid=\"inline-content\">\n<div data-mesh-id=\"i8o6l1jlinlineContent-gridContainer\" data-testid=\"mesh-container-content\">\n<div id=\"i8o6l1jm_1\" class=\"_1Q9if\" data-testid=\"richTextElement\">\n<p class=\"font_6\"><span class=\"color_13\"><span style=\"color: #cc4b55;\"><strong> NOUVEAU SUR LA BOUTIQUE : PARTITIONS ET FICHIERS SONORES DE LA CHANSON \u00ab\u00a0CATHY FREEMAN\u00a0\u00bb.<\/strong><\/span>\u00a0<\/span><\/p>\n<p>&nbsp;<\/p>\n<\/div>\n<\/div>\n<\/div>\n<\/div>\n<div id=\"i8ob9xk8\" class=\"_1Q9if\" data-testid=\"richTextElement\">\n<p class=\"font_8\"><span class=\"color_13\">Quand on entend le nom d&rsquo;OLDELAF, on pense \u00e0 \u00ab\u00a0La tristitude\u00a0\u00bb , \u00ab\u00a0Les mains froides\u00a0\u00bb ou encore\u00a0 \u00ab\u00a0Le caf\u00e9\u00a0\u00bb. Des chansons qui restent, qu&rsquo;on transmet et qu&rsquo;il interpr\u00e8te sur sc\u00e8ne depuis plus de 20 ans devant des salles toujours aussi larges et pleines. Devant un public de tout \u00e2ge qui se r\u00e9gale de ce qu\u2019il conna\u00eet d\u00e9j\u00e0 et de ce qu\u2019il d\u00e9couvre \u00e0 chaque fois.<\/span><\/p>\n<p class=\"font_8\"><span class=\"color_13\">Oldelaf est actuellement sur les routes de l&rsquo;Hexagone avec 2 spectacles : le concert \u00ab\u00a0L&rsquo;aventure\u00a0\u00bb et le spectacle \u00ab\u00a0Op\u00e9ration Bretzel\u00a0\u00bb avec Arnaud Joyet.<\/span><\/p>\n<p>&nbsp;<\/p>\n<p><b>Recevez le courrier d&rsquo;Oldelaf par mail !<br \/>\n<\/b><b>Chaque mois un courrier arrive dans votre bo\u00eete mail, \u00e9crit par Oldelaf himself. <\/b><\/p>\n<p>&#8211;&gt; <a href=\"https:\/\/www.oldelaf.com\/\" target=\"_blank\" rel=\"noopener\"><b>Pour vous inscrire cliquez ici<\/b><\/a><\/p>\n<\/div>\n<p>&nbsp;<\/p>\n<p><span class='q_social_icon_holder circle_social' data-color=#FFFFFF data-hover-background-color=#e5e5e5 data-hover-color=#000000><a itemprop='url' href='https:\/\/www.facebook.com\/Oldelaf' target='_blank'><span class='fa-stack fa-lg' style='background-color: #dd3e51;'><i class=\"qode_icon_font_awesome fa fa-facebook \" style=\"color: #FFFFFF;\" ><\/i><\/span><\/a><\/span><span class='q_social_icon_holder circle_social' data-color=#FFFFFF data-hover-background-color=#e5e5e5 data-hover-color=#000000><a itemprop='url' href='https:\/\/www.oldelaf.com\/' target='_blank'><span class='fa-stack fa-lg' style='background-color: #dd3e51;'><i class=\"qode_icon_font_awesome fa fa-wordpress \" style=\"color: #FFFFFF;\" ><\/i><\/span><\/a><\/span><\/p>\n<p>&nbsp;<\/p>\n<p>[\/vc_column_text][\/vc_column][\/vc_row]<\/p>\n<\/div>","protected":false},"excerpt":{"rendered":"<p>[vc_row css_animation=\u00a0\u00bb\u00a0\u00bb row_type=\u00a0\u00bbrow\u00a0\u00bb use_row_as_full_screen_section=\u00a0\u00bbno\u00a0\u00bb type=\u00a0\u00bbfull_width\u00a0\u00bb angled_section=\u00a0\u00bbno\u00a0\u00bb text_align=\u00a0\u00bbleft\u00a0\u00bb background_image_as_pattern=\u00a0\u00bbwithout_pattern\u00a0\u00bb][vc_column width=\u00a0\u00bb2\/3&Prime;][\/vc_column][vc_column width=\u00a0\u00bb1\/3&Prime;][vc_column_text] OLDELAF PARTITIONS &amp; FICHIERS SONORES [vc_separator type=&rsquo;normal&rsquo; position=&rsquo;left&rsquo; color=&rsquo;#d8d8d8&prime; thickness=&rsquo;1&prime; up=&rsquo;0&prime; down=&rsquo;4&prime;] &nbsp; NOUVEAU SUR LA BOUTIQUE : PARTITIONS ET FICHIERS SONORES DE LA CHANSON \u00ab\u00a0CATHY FREEMAN\u00a0\u00bb.\u00a0 &nbsp; Quand on entend le nom d&rsquo;OLDELAF, on&#8230;<\/p>\n","protected":false},"author":3,"featured_media":0,"parent":6,"menu_order":0,"comment_status":"closed","ping_status":"closed","template":"","meta":{"footnotes":""},"class_list":["post-17137","page","type-page","status-publish","hentry"],"yoast_head":"<!-- This site is optimized with the Yoast SEO plugin v27.0 - https:\/\/yoast.com\/product\/yoast-seo-wordpress\/ -->\n<title>Boutique Oldelaf Partitions et sons - LA BOUTIQUE WAKI<\/title>\n<meta name=\"robots\" content=\"index, follow, max-snippet:-1, max-image-preview:large, max-video-preview:-1\" \/>\n<link rel=\"canonical\" href=\"https:\/\/www.valerieetiennemanagement.fr\/WAKIpublishing\/boutique\/boutique-oldelaf-partitions-et-sons\/\" \/>\n<meta property=\"og:locale\" content=\"fr_FR\" \/>\n<meta property=\"og:type\" content=\"article\" \/>\n<meta property=\"og:title\" content=\"Boutique Oldelaf Partitions et sons - LA BOUTIQUE WAKI\" \/>\n<meta property=\"og:description\" content=\"[vc_row css_animation=\u00a0\u00bb\u00a0\u00bb row_type=\u00a0\u00bbrow\u00a0\u00bb use_row_as_full_screen_section=\u00a0\u00bbno\u00a0\u00bb type=\u00a0\u00bbfull_width\u00a0\u00bb angled_section=\u00a0\u00bbno\u00a0\u00bb text_align=\u00a0\u00bbleft\u00a0\u00bb background_image_as_pattern=\u00a0\u00bbwithout_pattern\u00a0\u00bb][vc_column width=\u00a0\u00bb2\/3&Prime;][\/vc_column][vc_column width=\u00a0\u00bb1\/3&Prime;][vc_column_text] OLDELAF PARTITIONS &amp; FICHIERS SONORES [vc_separator type=&rsquo;normal&rsquo; position=&rsquo;left&rsquo; color=&rsquo;#d8d8d8&prime; thickness=&rsquo;1&prime; up=&rsquo;0&prime; down=&rsquo;4&prime;] &nbsp; NOUVEAU SUR LA BOUTIQUE : PARTITIONS ET FICHIERS SONORES DE LA CHANSON \u00ab\u00a0CATHY FREEMAN\u00a0\u00bb.\u00a0 &nbsp; Quand on entend le nom d&rsquo;OLDELAF, on...\" \/>\n<meta property=\"og:url\" content=\"https:\/\/www.valerieetiennemanagement.fr\/WAKIpublishing\/boutique\/boutique-oldelaf-partitions-et-sons\/\" \/>\n<meta property=\"og:site_name\" content=\"LA BOUTIQUE WAKI\" \/>\n<meta property=\"article:modified_time\" content=\"2024-02-01T20:19:51+00:00\" \/>\n<meta name=\"twitter:card\" content=\"summary_large_image\" \/>\n<meta name=\"twitter:label1\" content=\"Dur\u00e9e de lecture estim\u00e9e\" \/>\n\t<meta name=\"twitter:data1\" content=\"1 minute\" \/>\n<script type=\"application\/ld+json\" class=\"yoast-schema-graph\">{\"@context\":\"https:\/\/schema.org\",\"@graph\":[{\"@type\":\"WebPage\",\"@id\":\"https:\/\/www.valerieetiennemanagement.fr\/WAKIpublishing\/boutique\/boutique-oldelaf-partitions-et-sons\/\",\"url\":\"https:\/\/www.valerieetiennemanagement.fr\/WAKIpublishing\/boutique\/boutique-oldelaf-partitions-et-sons\/\",\"name\":\"Boutique Oldelaf Partitions et sons - LA BOUTIQUE WAKI\",\"isPartOf\":{\"@id\":\"https:\/\/www.valerieetiennemanagement.fr\/WAKIpublishing\/#website\"},\"datePublished\":\"2024-02-01T19:37:49+00:00\",\"dateModified\":\"2024-02-01T20:19:51+00:00\",\"breadcrumb\":{\"@id\":\"https:\/\/www.valerieetiennemanagement.fr\/WAKIpublishing\/boutique\/boutique-oldelaf-partitions-et-sons\/#breadcrumb\"},\"inLanguage\":\"fr-FR\",\"potentialAction\":[{\"@type\":\"ReadAction\",\"target\":[\"https:\/\/www.valerieetiennemanagement.fr\/WAKIpublishing\/boutique\/boutique-oldelaf-partitions-et-sons\/\"]}]},{\"@type\":\"BreadcrumbList\",\"@id\":\"https:\/\/www.valerieetiennemanagement.fr\/WAKIpublishing\/boutique\/boutique-oldelaf-partitions-et-sons\/#breadcrumb\",\"itemListElement\":[{\"@type\":\"ListItem\",\"position\":1,\"name\":\"Accueil\",\"item\":\"https:\/\/www.valerieetiennemanagement.fr\/WAKIpublishing\/\"},{\"@type\":\"ListItem\",\"position\":2,\"name\":\"Boutique\",\"item\":\"https:\/\/www.valerieetiennemanagement.fr\/WAKIpublishing\/boutique\/\"},{\"@type\":\"ListItem\",\"position\":3,\"name\":\"Boutique Oldelaf Partitions et sons\"}]},{\"@type\":\"WebSite\",\"@id\":\"https:\/\/www.valerieetiennemanagement.fr\/WAKIpublishing\/#website\",\"url\":\"https:\/\/www.valerieetiennemanagement.fr\/WAKIpublishing\/\",\"name\":\"LA BOUTIQUE WAKI\",\"description\":\"Publishing &amp; more\",\"publisher\":{\"@id\":\"https:\/\/www.valerieetiennemanagement.fr\/WAKIpublishing\/#organization\"},\"potentialAction\":[{\"@type\":\"SearchAction\",\"target\":{\"@type\":\"EntryPoint\",\"urlTemplate\":\"https:\/\/www.valerieetiennemanagement.fr\/WAKIpublishing\/?s={search_term_string}\"},\"query-input\":{\"@type\":\"PropertyValueSpecification\",\"valueRequired\":true,\"valueName\":\"search_term_string\"}}],\"inLanguage\":\"fr-FR\"},{\"@type\":\"Organization\",\"@id\":\"https:\/\/www.valerieetiennemanagement.fr\/WAKIpublishing\/#organization\",\"name\":\"WAKI Publishing\",\"url\":\"https:\/\/www.valerieetiennemanagement.fr\/WAKIpublishing\/\",\"logo\":{\"@type\":\"ImageObject\",\"inLanguage\":\"fr-FR\",\"@id\":\"https:\/\/www.valerieetiennemanagement.fr\/WAKIpublishing\/#\/schema\/logo\/image\/\",\"url\":\"https:\/\/www.valerieetiennemanagement.fr\/WAKIpublishing\/wp-content\/uploads\/2022\/11\/cropped-cropped-Logo-LaBoutiqueF2F-1.jpg\",\"contentUrl\":\"https:\/\/www.valerieetiennemanagement.fr\/WAKIpublishing\/wp-content\/uploads\/2022\/11\/cropped-cropped-Logo-LaBoutiqueF2F-1.jpg\",\"width\":512,\"height\":512,\"caption\":\"WAKI Publishing\"},\"image\":{\"@id\":\"https:\/\/www.valerieetiennemanagement.fr\/WAKIpublishing\/#\/schema\/logo\/image\/\"}}]}<\/script>\n<!-- \/ Yoast SEO plugin. -->","yoast_head_json":{"title":"Boutique Oldelaf Partitions et sons - LA BOUTIQUE WAKI","robots":{"index":"index","follow":"follow","max-snippet":"max-snippet:-1","max-image-preview":"max-image-preview:large","max-video-preview":"max-video-preview:-1"},"canonical":"https:\/\/www.valerieetiennemanagement.fr\/WAKIpublishing\/boutique\/boutique-oldelaf-partitions-et-sons\/","og_locale":"fr_FR","og_type":"article","og_title":"Boutique Oldelaf Partitions et sons - LA BOUTIQUE WAKI","og_description":"[vc_row css_animation=\u00a0\u00bb\u00a0\u00bb row_type=\u00a0\u00bbrow\u00a0\u00bb use_row_as_full_screen_section=\u00a0\u00bbno\u00a0\u00bb type=\u00a0\u00bbfull_width\u00a0\u00bb angled_section=\u00a0\u00bbno\u00a0\u00bb text_align=\u00a0\u00bbleft\u00a0\u00bb background_image_as_pattern=\u00a0\u00bbwithout_pattern\u00a0\u00bb][vc_column width=\u00a0\u00bb2\/3&Prime;][\/vc_column][vc_column width=\u00a0\u00bb1\/3&Prime;][vc_column_text] OLDELAF PARTITIONS &amp; FICHIERS SONORES [vc_separator type=&rsquo;normal&rsquo; position=&rsquo;left&rsquo; color=&rsquo;#d8d8d8&prime; thickness=&rsquo;1&prime; up=&rsquo;0&prime; down=&rsquo;4&prime;] &nbsp; NOUVEAU SUR LA BOUTIQUE : PARTITIONS ET FICHIERS SONORES DE LA CHANSON \u00ab\u00a0CATHY FREEMAN\u00a0\u00bb.\u00a0 &nbsp; Quand on entend le nom d&rsquo;OLDELAF, on...","og_url":"https:\/\/www.valerieetiennemanagement.fr\/WAKIpublishing\/boutique\/boutique-oldelaf-partitions-et-sons\/","og_site_name":"LA BOUTIQUE WAKI","article_modified_time":"2024-02-01T20:19:51+00:00","twitter_card":"summary_large_image","twitter_misc":{"Dur\u00e9e de lecture estim\u00e9e":"1 minute"},"schema":{"@context":"https:\/\/schema.org","@graph":[{"@type":"WebPage","@id":"https:\/\/www.valerieetiennemanagement.fr\/WAKIpublishing\/boutique\/boutique-oldelaf-partitions-et-sons\/","url":"https:\/\/www.valerieetiennemanagement.fr\/WAKIpublishing\/boutique\/boutique-oldelaf-partitions-et-sons\/","name":"Boutique Oldelaf Partitions et sons - LA BOUTIQUE WAKI","isPartOf":{"@id":"https:\/\/www.valerieetiennemanagement.fr\/WAKIpublishing\/#website"},"datePublished":"2024-02-01T19:37:49+00:00","dateModified":"2024-02-01T20:19:51+00:00","breadcrumb":{"@id":"https:\/\/www.valerieetiennemanagement.fr\/WAKIpublishing\/boutique\/boutique-oldelaf-partitions-et-sons\/#breadcrumb"},"inLanguage":"fr-FR","potentialAction":[{"@type":"ReadAction","target":["https:\/\/www.valerieetiennemanagement.fr\/WAKIpublishing\/boutique\/boutique-oldelaf-partitions-et-sons\/"]}]},{"@type":"BreadcrumbList","@id":"https:\/\/www.valerieetiennemanagement.fr\/WAKIpublishing\/boutique\/boutique-oldelaf-partitions-et-sons\/#breadcrumb","itemListElement":[{"@type":"ListItem","position":1,"name":"Accueil","item":"https:\/\/www.valerieetiennemanagement.fr\/WAKIpublishing\/"},{"@type":"ListItem","position":2,"name":"Boutique","item":"https:\/\/www.valerieetiennemanagement.fr\/WAKIpublishing\/boutique\/"},{"@type":"ListItem","position":3,"name":"Boutique Oldelaf Partitions et sons"}]},{"@type":"WebSite","@id":"https:\/\/www.valerieetiennemanagement.fr\/WAKIpublishing\/#website","url":"https:\/\/www.valerieetiennemanagement.fr\/WAKIpublishing\/","name":"LA BOUTIQUE WAKI","description":"Publishing &amp; more","publisher":{"@id":"https:\/\/www.valerieetiennemanagement.fr\/WAKIpublishing\/#organization"},"potentialAction":[{"@type":"SearchAction","target":{"@type":"EntryPoint","urlTemplate":"https:\/\/www.valerieetiennemanagement.fr\/WAKIpublishing\/?s={search_term_string}"},"query-input":{"@type":"PropertyValueSpecification","valueRequired":true,"valueName":"search_term_string"}}],"inLanguage":"fr-FR"},{"@type":"Organization","@id":"https:\/\/www.valerieetiennemanagement.fr\/WAKIpublishing\/#organization","name":"WAKI Publishing","url":"https:\/\/www.valerieetiennemanagement.fr\/WAKIpublishing\/","logo":{"@type":"ImageObject","inLanguage":"fr-FR","@id":"https:\/\/www.valerieetiennemanagement.fr\/WAKIpublishing\/#\/schema\/logo\/image\/","url":"https:\/\/www.valerieetiennemanagement.fr\/WAKIpublishing\/wp-content\/uploads\/2022\/11\/cropped-cropped-Logo-LaBoutiqueF2F-1.jpg","contentUrl":"https:\/\/www.valerieetiennemanagement.fr\/WAKIpublishing\/wp-content\/uploads\/2022\/11\/cropped-cropped-Logo-LaBoutiqueF2F-1.jpg","width":512,"height":512,"caption":"WAKI Publishing"},"image":{"@id":"https:\/\/www.valerieetiennemanagement.fr\/WAKIpublishing\/#\/schema\/logo\/image\/"}}]}},"_links":{"self":[{"href":"https:\/\/www.valerieetiennemanagement.fr\/WAKIpublishing\/wp-json\/wp\/v2\/pages\/17137","targetHints":{"allow":["GET"]}}],"collection":[{"href":"https:\/\/www.valerieetiennemanagement.fr\/WAKIpublishing\/wp-json\/wp\/v2\/pages"}],"about":[{"href":"https:\/\/www.valerieetiennemanagement.fr\/WAKIpublishing\/wp-json\/wp\/v2\/types\/page"}],"author":[{"embeddable":true,"href":"https:\/\/www.valerieetiennemanagement.fr\/WAKIpublishing\/wp-json\/wp\/v2\/users\/3"}],"replies":[{"embeddable":true,"href":"https:\/\/www.valerieetiennemanagement.fr\/WAKIpublishing\/wp-json\/wp\/v2\/comments?post=17137"}],"version-history":[{"count":12,"href":"https:\/\/www.valerieetiennemanagement.fr\/WAKIpublishing\/wp-json\/wp\/v2\/pages\/17137\/revisions"}],"predecessor-version":[{"id":17140,"href":"https:\/\/www.valerieetiennemanagement.fr\/WAKIpublishing\/wp-json\/wp\/v2\/pages\/17137\/revisions\/17140"}],"up":[{"embeddable":true,"href":"https:\/\/www.valerieetiennemanagement.fr\/WAKIpublishing\/wp-json\/wp\/v2\/pages\/6"}],"wp:attachment":[{"href":"https:\/\/www.valerieetiennemanagement.fr\/WAKIpublishing\/wp-json\/wp\/v2\/media?parent=17137"}],"curies":[{"name":"wp","href":"https:\/\/api.w.org\/{rel}","templated":true}]}}